{"id":2798,"date":"2021-11-09T16:35:13","date_gmt":"2021-12-23T08:30:57","guid":{"rendered":"https:\/\/lierac.ch\/?post_type=product&#038;p=2798"},"modified":"2022-02-18T15:14:25","modified_gmt":"2022-02-18T14:14:25","slug":"mesolift-remineralisierende-anti-muedigkeits-creme","status":"publish","type":"product","link":"https:\/\/lierac.ch\/de\/produkte\/mesolift-remineralisierende-anti-muedigkeits-creme\/","title":{"rendered":"MESOLIFT REMINERALISIERENDE ANTI-M\u00dcDIGKEITS-CREME"},"content":{"rendered":"<p>Um energielose Haut zu revitalisieren lancieren die Laboratories LIERAC M\u00c9SOLIFT, eine von der Mesotherapie inspirierte Expertenbehandlung gegen M\u00fcdigkeit.<\/p>\n<p>Die M\u00c9SOLIFT Creme ist die ideale Pflege um die Wirkung des Konzentrats zu verst\u00e4rken. Sie enth\u00e4lt komplement\u00e4re Aktivstoffe wie gl\u00e4ttende AHA Fruchts\u00e4uren, Magnesium, Vitamin B und E sowie Hyalurons\u00e4ure in einer angenehm zarten Textur.<\/p>\n","protected":false},"excerpt":{"rendered":"<p>Um energielose Haut zu revitalisieren lancieren die Laboratories LIERAC M\u00c9SOLIFT, eine von der Mesotherapie inspirierte Expertenbehandlung gegen M\u00fcdigkeit. Die M\u00c9SOLIFT Creme ist die ideale Pflege um die Wirkung des Konzentrats zu verst\u00e4rken. Sie enth\u00e4lt komplement\u00e4re Aktivstoffe wie gl\u00e4ttende AHA Fruchts\u00e4uren, Magnesium, Vitamin B und E sowie Hyalurons\u00e4ure in einer angenehm zarten Textur.<\/p>\n","protected":false},"featured_media":1581,"template":"","meta":{"wds_primary_product_brand":0,"wds_primary_product_cat":0},"product_brand":[],"product_cat":[300],"product_tag":[],"class_list":{"0":"post-2798","1":"product","2":"type-product","3":"status-publish","4":"has-post-thumbnail","6":"product_cat-gesicht","7":"pa_besoins-anti-muedigkeit","8":"pa_contenances-40ml-de","9":"pa_gamme-mesolift-de","10":"entry","12":"first","13":"instock","14":"product-type-simple"},"_links":{"self":[{"href":"https:\/\/lierac.ch\/de\/wp-json\/wp\/v2\/product\/2798","targetHints":{"allow":["GET"]}}],"collection":[{"href":"https:\/\/lierac.ch\/de\/wp-json\/wp\/v2\/product"}],"about":[{"href":"https:\/\/lierac.ch\/de\/wp-json\/wp\/v2\/types\/product"}],"version-history":[{"count":2,"href":"https:\/\/lierac.ch\/de\/wp-json\/wp\/v2\/product\/2798\/revisions"}],"predecessor-version":[{"id":2806,"href":"https:\/\/lierac.ch\/de\/wp-json\/wp\/v2\/product\/2798\/revisions\/2806"}],"wp:featuredmedia":[{"embeddable":true,"href":"https:\/\/lierac.ch\/de\/wp-json\/wp\/v2\/media\/1581"}],"wp:attachment":[{"href":"https:\/\/lierac.ch\/de\/wp-json\/wp\/v2\/media?parent=2798"}],"wp:term":[{"taxonomy":"product_brand","embeddable":true,"href":"https:\/\/lierac.ch\/de\/wp-json\/wp\/v2\/product_brand?post=2798"},{"taxonomy":"product_cat","embeddable":true,"href":"https:\/\/lierac.ch\/de\/wp-json\/wp\/v2\/product_cat?post=2798"},{"taxonomy":"product_tag","embeddable":true,"href":"https:\/\/lierac.ch\/de\/wp-json\/wp\/v2\/product_tag?post=2798"}],"curies":[{"name":"wp","href":"https:\/\/api.w.org\/{rel}","templated":true}]}}