{"id":2796,"date":"2021-11-09T16:35:13","date_gmt":"2021-12-23T08:26:20","guid":{"rendered":"https:\/\/lierac.ch\/?post_type=product&#038;p=2796"},"modified":"2022-02-18T15:15:03","modified_gmt":"2022-02-18T14:15:03","slug":"mesolift-c15-revitalisierendes-anti-muedigkeits-konzentrat","status":"publish","type":"product","link":"https:\/\/lierac.ch\/de\/produkte\/mesolift-c15-revitalisierendes-anti-muedigkeits-konzentrat\/","title":{"rendered":"MESOLIFT C15 REVITALISIERENDES ANTI-M\u00dcDIGKEITS KONZENTRAT"},"content":{"rendered":"<p>Um energielose Haut zu revitalisieren lancieren die Laboratories LIERAC M\u00c9SOLIFT, eine von der Mesotherapie inspirierte Expertenbehandlung gegen M\u00fcdigkeit.<\/p>\n<p>Das M\u00c9SOLIFT C15 Konzentrat wird als 30-t\u00e4gige Kur in Zeiten von Stress, M\u00fcdigkeit, \u00dcberlastung oder Jahreszeitenwechsel empfohlen. Es enth\u00e4lt 15% reines Vitamin C, das Toxine sowie freie Radikale neutralisiert und die Kollagensynthese stimuliert. Diese Wirkung wird durch einen starken Anti-M\u00fcdigkeits-Komplex aus Spurenelementen (Kupfer + Zink), Aminos\u00e4uren sowie mikroverkapselte Hyalurons\u00e4ure verst\u00e4rkt. F\u00fcr eine gest\u00e4rkte, elastische, frische und aufgepolsterte Haut<\/p>\n","protected":false},"excerpt":{"rendered":"<p>Um energielose Haut zu revitalisieren lancieren die Laboratories LIERAC M\u00c9SOLIFT, eine von der Mesotherapie inspirierte Expertenbehandlung gegen M\u00fcdigkeit. Das M\u00c9SOLIFT C15 Konzentrat wird als 30-t\u00e4gige Kur in Zeiten von Stress, M\u00fcdigkeit, \u00dcberlastung oder Jahreszeitenwechsel empfohlen. Es enth\u00e4lt 15% reines Vitamin C, das Toxine sowie freie Radikale neutralisiert und die Kollagensynthese stimuliert. Diese Wirkung wird durch &hellip; <\/p>\n<p class=\"link-more\"><a href=\"https:\/\/lierac.ch\/de\/produkte\/mesolift-c15-revitalisierendes-anti-muedigkeits-konzentrat\/\" class=\"more-link\"><span class=\"screen-reader-text\">\u201eMESOLIFT C15 REVITALISIERENDES ANTI-M\u00dcDIGKEITS KONZENTRAT\u201c<\/span> weiterlesen<\/a><\/p>\n","protected":false},"featured_media":1563,"template":"","meta":{"wds_primary_product_brand":0,"wds_primary_product_cat":0},"product_brand":[],"product_cat":[300],"product_tag":[],"class_list":{"0":"post-2796","1":"product","2":"type-product","3":"status-publish","4":"has-post-thumbnail","6":"product_cat-gesicht","7":"pa_besoins-anti-muedigkeit","8":"pa_gamme-mesolift-de","9":"entry","11":"first","12":"instock","13":"product-type-simple"},"_links":{"self":[{"href":"https:\/\/lierac.ch\/de\/wp-json\/wp\/v2\/product\/2796","targetHints":{"allow":["GET"]}}],"collection":[{"href":"https:\/\/lierac.ch\/de\/wp-json\/wp\/v2\/product"}],"about":[{"href":"https:\/\/lierac.ch\/de\/wp-json\/wp\/v2\/types\/product"}],"version-history":[{"count":1,"href":"https:\/\/lierac.ch\/de\/wp-json\/wp\/v2\/product\/2796\/revisions"}],"predecessor-version":[{"id":2797,"href":"https:\/\/lierac.ch\/de\/wp-json\/wp\/v2\/product\/2796\/revisions\/2797"}],"wp:featuredmedia":[{"embeddable":true,"href":"https:\/\/lierac.ch\/de\/wp-json\/wp\/v2\/media\/1563"}],"wp:attachment":[{"href":"https:\/\/lierac.ch\/de\/wp-json\/wp\/v2\/media?parent=2796"}],"wp:term":[{"taxonomy":"product_brand","embeddable":true,"href":"https:\/\/lierac.ch\/de\/wp-json\/wp\/v2\/product_brand?post=2796"},{"taxonomy":"product_cat","embeddable":true,"href":"https:\/\/lierac.ch\/de\/wp-json\/wp\/v2\/product_cat?post=2796"},{"taxonomy":"product_tag","embeddable":true,"href":"https:\/\/lierac.ch\/de\/wp-json\/wp\/v2\/product_tag?post=2796"}],"curies":[{"name":"wp","href":"https:\/\/api.w.org\/{rel}","templated":true}]}}