{"id":2484,"date":"2021-11-09T16:35:13","date_gmt":"2021-11-30T09:24:52","guid":{"rendered":"https:\/\/lierac.ch\/produits\/sunissime-vitalisierendes-bb-schutzfluid-lsf50\/"},"modified":"2022-02-18T15:10:18","modified_gmt":"2022-02-18T14:10:18","slug":"sunissime-vitalisierendes-bb-schutzfluid-lsf50","status":"publish","type":"product","link":"https:\/\/lierac.ch\/de\/produkte\/sunissime-vitalisierendes-bb-schutzfluid-lsf50\/","title":{"rendered":"SUNISSIME VITALISIERENDES BB SCHUTZFLUID LSF50+"},"content":{"rendered":"<header class=\"header-product-details\">\n<div class=\"product-description\">LIERAC SUNISSIME vitalisierendes BB Schutzfluid, welches die Haut belebt und sofort einen gesunden und sonnengek\u00fcssten Glow verleiht. Globaler Anti-Aging Schutz.<br \/>\nUniverseller Goldton f\u00fcr einen sofortigen versch\u00f6nernden Effekt. Leichte Textur, angereichert mit Hyalurons\u00e4ure.<\/div>\n<\/header>\n","protected":false},"excerpt":{"rendered":"<p>LIERAC SUNISSIME vitalisierendes BB Schutzfluid, welches die Haut belebt und sofort einen gesunden und sonnengek\u00fcssten Glow verleiht. Globaler Anti-Aging Schutz. Universeller Goldton f\u00fcr einen sofortigen versch\u00f6nernden Effekt. Leichte Textur, angereichert mit Hyalurons\u00e4ure.<\/p>\n","protected":false},"featured_media":1548,"template":"","meta":{"wds_primary_product_brand":0,"wds_primary_product_cat":0},"product_brand":[],"product_cat":[466],"product_tag":[],"class_list":{"0":"post-2484","1":"product","2":"type-product","3":"status-publish","4":"has-post-thumbnail","6":"product_cat-sonne","7":"pa_besoins-sonnenschutz-lsf-50","8":"pa_contenances-40ml-de","9":"pa_gamme-sunissime-de","10":"entry","12":"first","13":"instock","14":"product-type-simple"},"_links":{"self":[{"href":"https:\/\/lierac.ch\/de\/wp-json\/wp\/v2\/product\/2484","targetHints":{"allow":["GET"]}}],"collection":[{"href":"https:\/\/lierac.ch\/de\/wp-json\/wp\/v2\/product"}],"about":[{"href":"https:\/\/lierac.ch\/de\/wp-json\/wp\/v2\/types\/product"}],"version-history":[{"count":2,"href":"https:\/\/lierac.ch\/de\/wp-json\/wp\/v2\/product\/2484\/revisions"}],"predecessor-version":[{"id":2568,"href":"https:\/\/lierac.ch\/de\/wp-json\/wp\/v2\/product\/2484\/revisions\/2568"}],"wp:featuredmedia":[{"embeddable":true,"href":"https:\/\/lierac.ch\/de\/wp-json\/wp\/v2\/media\/1548"}],"wp:attachment":[{"href":"https:\/\/lierac.ch\/de\/wp-json\/wp\/v2\/media?parent=2484"}],"wp:term":[{"taxonomy":"product_brand","embeddable":true,"href":"https:\/\/lierac.ch\/de\/wp-json\/wp\/v2\/product_brand?post=2484"},{"taxonomy":"product_cat","embeddable":true,"href":"https:\/\/lierac.ch\/de\/wp-json\/wp\/v2\/product_cat?post=2484"},{"taxonomy":"product_tag","embeddable":true,"href":"https:\/\/lierac.ch\/de\/wp-json\/wp\/v2\/product_tag?post=2484"}],"curies":[{"name":"wp","href":"https:\/\/api.w.org\/{rel}","templated":true}]}}