{"id":2482,"date":"2021-11-09T16:35:13","date_gmt":"2021-11-30T09:24:52","guid":{"rendered":"https:\/\/lierac.ch\/produits\/sunissime-vitalisierendes-schutzfluid-lsf50\/"},"modified":"2022-02-18T15:08:51","modified_gmt":"2022-02-18T14:08:51","slug":"sunissime-vitalisierendes-schutzfluid-lsf50","status":"publish","type":"product","link":"https:\/\/lierac.ch\/de\/produkte\/sunissime-vitalisierendes-schutzfluid-lsf50\/","title":{"rendered":"SUNISSIME VITALISIERENDES SCHUTZFLUID LSF50+"},"content":{"rendered":"<header class=\"header-product-details\">\n<div class=\"product-description\">\n<p>Die aktivierende Textur des LIERAC SUNISSIME vitalisierenden Schutzfluides besitzt einen sonnigen, verf\u00fchrerischen Duft, welcher sich wie ein sanfter Schleier auf die Haut legt. Er sorgt f\u00fcr einen sofortigen Schutz der Hautbarriere.<\/p>\n<p>Sinnlich und zartschmelzend f\u00fcr ein transparentes Ergebnis auf der Haut, das weder fettet noch klebt.<\/p>\n<p>LSF50+<\/p>\n<\/div>\n<\/header>\n","protected":false},"excerpt":{"rendered":"<p>Die aktivierende Textur des LIERAC SUNISSIME vitalisierenden Schutzfluides besitzt einen sonnigen, verf\u00fchrerischen Duft, welcher sich wie ein sanfter Schleier auf die Haut legt. Er sorgt f\u00fcr einen sofortigen Schutz der Hautbarriere. Sinnlich und zartschmelzend f\u00fcr ein transparentes Ergebnis auf der Haut, das weder fettet noch klebt. LSF50+<\/p>\n","protected":false},"featured_media":1544,"template":"","meta":{"wds_primary_product_brand":0,"wds_primary_product_cat":0},"product_brand":[],"product_cat":[466],"product_tag":[],"class_list":{"0":"post-2482","1":"product","2":"type-product","3":"status-publish","4":"has-post-thumbnail","6":"product_cat-sonne","7":"pa_besoins-sonnenschutz-lsf-50","8":"pa_contenances-40ml-de","9":"pa_gamme-sunissime-de","10":"entry","12":"first","13":"instock","14":"product-type-simple"},"_links":{"self":[{"href":"https:\/\/lierac.ch\/de\/wp-json\/wp\/v2\/product\/2482","targetHints":{"allow":["GET"]}}],"collection":[{"href":"https:\/\/lierac.ch\/de\/wp-json\/wp\/v2\/product"}],"about":[{"href":"https:\/\/lierac.ch\/de\/wp-json\/wp\/v2\/types\/product"}],"version-history":[{"count":3,"href":"https:\/\/lierac.ch\/de\/wp-json\/wp\/v2\/product\/2482\/revisions"}],"predecessor-version":[{"id":2567,"href":"https:\/\/lierac.ch\/de\/wp-json\/wp\/v2\/product\/2482\/revisions\/2567"}],"wp:featuredmedia":[{"embeddable":true,"href":"https:\/\/lierac.ch\/de\/wp-json\/wp\/v2\/media\/1544"}],"wp:attachment":[{"href":"https:\/\/lierac.ch\/de\/wp-json\/wp\/v2\/media?parent=2482"}],"wp:term":[{"taxonomy":"product_brand","embeddable":true,"href":"https:\/\/lierac.ch\/de\/wp-json\/wp\/v2\/product_brand?post=2482"},{"taxonomy":"product_cat","embeddable":true,"href":"https:\/\/lierac.ch\/de\/wp-json\/wp\/v2\/product_cat?post=2482"},{"taxonomy":"product_tag","embeddable":true,"href":"https:\/\/lierac.ch\/de\/wp-json\/wp\/v2\/product_tag?post=2482"}],"curies":[{"name":"wp","href":"https:\/\/api.w.org\/{rel}","templated":true}]}}