{"id":2460,"date":"2021-11-09T16:34:56","date_gmt":"2021-11-30T09:24:44","guid":{"rendered":"https:\/\/lierac.ch\/produits\/teint-perfect-skin\/"},"modified":"2021-12-07T17:04:09","modified_gmt":"2021-12-07T16:04:09","slug":"teint-perfect-skin","status":"publish","type":"product","link":"https:\/\/lierac.ch\/de\/produkte\/teint-perfect-skin\/","title":{"rendered":"TEINT PERFECT SKIN"},"content":{"rendered":"<header class=\"header-product-details\">\n<div class=\"product-description\">Das Dermo-Make-Up von LIERAC hat eine Textur der neuen Generation, die Teintprobleme korrigiert und gleichzeitig die Haut gl\u00e4ttet und aufpolstert.<br \/>\nDie Textur l\u00e4sst sich einfach und schnell auftragen, verschmilzt mit der Haut und bietet ein pudriges Finish f\u00fcr einen sofortigen professionellen Effekt. Ein hinzugef\u00fcgter Schimmer verst\u00e4rkt die Farbkorrektur der Pigmente, indem die Beige- und Olivt\u00f6ne durch einen optischen Effekt sofort neutralisiert werden.<\/p>\n<div><\/div>\n<div>Lichtreflektierende Partikel verteilen sich auf der Hautoberfl\u00e4che und erzielen einen Blur-Effekt. F\u00fcr ein nat\u00fcrliches Erscheinungsbild der Haut.<\/div>\n<div><\/div>\n<div>LSF 20<\/div>\n<\/div>\n<\/header>\n","protected":false},"excerpt":{"rendered":"<p>Das Dermo-Make-Up von LIERAC hat eine Textur der neuen Generation, die Teintprobleme korrigiert und gleichzeitig die Haut gl\u00e4ttet und aufpolstert. Die Textur l\u00e4sst sich einfach und schnell auftragen, verschmilzt mit der Haut und bietet ein pudriges Finish f\u00fcr einen sofortigen professionellen Effekt. Ein hinzugef\u00fcgter Schimmer verst\u00e4rkt die Farbkorrektur der Pigmente, indem die Beige- und Olivt\u00f6ne &hellip; <\/p>\n<p class=\"link-more\"><a href=\"https:\/\/lierac.ch\/de\/produkte\/teint-perfect-skin\/\" class=\"more-link\"><span class=\"screen-reader-text\">\u201eTEINT PERFECT SKIN\u201c<\/span> weiterlesen<\/a><\/p>\n","protected":false},"featured_media":1550,"template":"","meta":{"wds_primary_product_brand":0,"wds_primary_product_cat":0},"product_brand":[],"product_cat":[300],"product_tag":[],"class_list":{"0":"post-2460","1":"product","2":"type-product","3":"status-publish","4":"has-post-thumbnail","6":"product_cat-gesicht","7":"pa_besoins-make-up","8":"pa_contenances-30ml-de","9":"pa_gamme-teint-perfect-skin-de","10":"entry","12":"first","13":"instock","14":"product-type-simple"},"_links":{"self":[{"href":"https:\/\/lierac.ch\/de\/wp-json\/wp\/v2\/product\/2460","targetHints":{"allow":["GET"]}}],"collection":[{"href":"https:\/\/lierac.ch\/de\/wp-json\/wp\/v2\/product"}],"about":[{"href":"https:\/\/lierac.ch\/de\/wp-json\/wp\/v2\/types\/product"}],"version-history":[{"count":2,"href":"https:\/\/lierac.ch\/de\/wp-json\/wp\/v2\/product\/2460\/revisions"}],"predecessor-version":[{"id":2553,"href":"https:\/\/lierac.ch\/de\/wp-json\/wp\/v2\/product\/2460\/revisions\/2553"}],"wp:featuredmedia":[{"embeddable":true,"href":"https:\/\/lierac.ch\/de\/wp-json\/wp\/v2\/media\/1550"}],"wp:attachment":[{"href":"https:\/\/lierac.ch\/de\/wp-json\/wp\/v2\/media?parent=2460"}],"wp:term":[{"taxonomy":"product_brand","embeddable":true,"href":"https:\/\/lierac.ch\/de\/wp-json\/wp\/v2\/product_brand?post=2460"},{"taxonomy":"product_cat","embeddable":true,"href":"https:\/\/lierac.ch\/de\/wp-json\/wp\/v2\/product_cat?post=2460"},{"taxonomy":"product_tag","embeddable":true,"href":"https:\/\/lierac.ch\/de\/wp-json\/wp\/v2\/product_tag?post=2460"}],"curies":[{"name":"wp","href":"https:\/\/api.w.org\/{rel}","templated":true}]}}