{"id":2446,"date":"2021-11-09T16:34:56","date_gmt":"2021-11-30T09:24:44","guid":{"rendered":"https:\/\/lierac.ch\/produits\/rosilogie-neutralisierende-creme\/"},"modified":"2022-02-18T14:59:48","modified_gmt":"2022-02-18T13:59:48","slug":"rosilogie-neutralisierende-creme","status":"publish","type":"product","link":"https:\/\/lierac.ch\/de\/produkte\/rosilogie-neutralisierende-creme\/","title":{"rendered":"ROSILOGIE NEUTRALISIERENDE CREME"},"content":{"rendered":"<p>Die LIERAC ROSILOGIE neutralisierende Creme hat eine geschmeidige, cremige Textur mit Sheabutter und verleiht ein sofortiges, beruhigendes Hautgef\u00fchl.<\/p>\n<p>Korrigierende gr\u00fcne Pigmente neutralisieren sichtbar R\u00f6tungen bereits nach dem Auftragen und gleichen den Teint aus.<\/p>\n","protected":false},"excerpt":{"rendered":"<p>Die LIERAC ROSILOGIE neutralisierende Creme hat eine geschmeidige, cremige Textur mit Sheabutter und verleiht ein sofortiges, beruhigendes Hautgef\u00fchl. Korrigierende gr\u00fcne Pigmente neutralisieren sichtbar R\u00f6tungen bereits nach dem Auftragen und gleichen den Teint aus.<\/p>\n","protected":false},"featured_media":1559,"template":"","meta":{"wds_primary_product_brand":0,"wds_primary_product_cat":0},"product_brand":[],"product_cat":[300],"product_tag":[],"class_list":{"0":"post-2446","1":"product","2":"type-product","3":"status-publish","4":"has-post-thumbnail","6":"product_cat-gesicht","7":"pa_besoins-roetungen","8":"pa_contenances-40ml-de","9":"pa_gamme-rosilogie-de","10":"entry","12":"first","13":"instock","14":"product-type-simple"},"_links":{"self":[{"href":"https:\/\/lierac.ch\/de\/wp-json\/wp\/v2\/product\/2446","targetHints":{"allow":["GET"]}}],"collection":[{"href":"https:\/\/lierac.ch\/de\/wp-json\/wp\/v2\/product"}],"about":[{"href":"https:\/\/lierac.ch\/de\/wp-json\/wp\/v2\/types\/product"}],"version-history":[{"count":2,"href":"https:\/\/lierac.ch\/de\/wp-json\/wp\/v2\/product\/2446\/revisions"}],"predecessor-version":[{"id":2546,"href":"https:\/\/lierac.ch\/de\/wp-json\/wp\/v2\/product\/2446\/revisions\/2546"}],"wp:featuredmedia":[{"embeddable":true,"href":"https:\/\/lierac.ch\/de\/wp-json\/wp\/v2\/media\/1559"}],"wp:attachment":[{"href":"https:\/\/lierac.ch\/de\/wp-json\/wp\/v2\/media?parent=2446"}],"wp:term":[{"taxonomy":"product_brand","embeddable":true,"href":"https:\/\/lierac.ch\/de\/wp-json\/wp\/v2\/product_brand?post=2446"},{"taxonomy":"product_cat","embeddable":true,"href":"https:\/\/lierac.ch\/de\/wp-json\/wp\/v2\/product_cat?post=2446"},{"taxonomy":"product_tag","embeddable":true,"href":"https:\/\/lierac.ch\/de\/wp-json\/wp\/v2\/product_tag?post=2446"}],"curies":[{"name":"wp","href":"https:\/\/api.w.org\/{rel}","templated":true}]}}