{"id":2444,"date":"2021-11-09T16:34:56","date_gmt":"2021-11-30T09:24:44","guid":{"rendered":"https:\/\/lierac.ch\/produits\/rosilogie-neutralisierendes-doppelkonzentrat\/"},"modified":"2021-12-07T16:54:37","modified_gmt":"2021-12-07T15:54:37","slug":"rosilogie-neutralisierendes-doppelkonzentrat","status":"publish","type":"product","link":"https:\/\/lierac.ch\/de\/produkte\/rosilogie-neutralisierendes-doppelkonzentrat\/","title":{"rendered":"ROSILOGIE NEUTRALISIERENDES DOPPELKONZENTRAT"},"content":{"rendered":"<header class=\"header-product-details\">\n<div class=\"product-description\">Das LIERAC Rosilogie neutralisierendes Doppelkonzentrat ist eine Intensivbehandlung f\u00fcr Tag &amp; Nacht zur Korrektur von anhaltenden<br \/>\nR\u00f6tungen mit sichtbaren Blutgef\u00e4\u00dfen.<\/p>\n<p>Das gr\u00fcne Serum-Lotion f\u00fcr den Tag ist angereichert mit einem w\u00e4rmeregulierenden Wirkstoff und hat eine sch\u00fctzende Wirkung.<\/p>\n<p>Das samtige Gel-Serum f\u00fcr die Nacht hat eine sofortige st\u00e4rkende und beruhigende Wirkung f\u00fcr ein restrukturiertes Hautbild.<\/p><\/div>\n<\/header>\n","protected":false},"excerpt":{"rendered":"<p>Das LIERAC Rosilogie neutralisierendes Doppelkonzentrat ist eine Intensivbehandlung f\u00fcr Tag &amp; Nacht zur Korrektur von anhaltenden R\u00f6tungen mit sichtbaren Blutgef\u00e4\u00dfen. Das gr\u00fcne Serum-Lotion f\u00fcr den Tag ist angereichert mit einem w\u00e4rmeregulierenden Wirkstoff und hat eine sch\u00fctzende Wirkung. Das samtige Gel-Serum f\u00fcr die Nacht hat eine sofortige st\u00e4rkende und beruhigende Wirkung f\u00fcr ein restrukturiertes Hautbild.<\/p>\n","protected":false},"featured_media":1546,"template":"","meta":{"wds_primary_product_brand":0,"wds_primary_product_cat":0},"product_brand":[],"product_cat":[300],"product_tag":[],"class_list":{"0":"post-2444","1":"product","2":"type-product","3":"status-publish","4":"has-post-thumbnail","6":"product_cat-gesicht","7":"pa_besoins-roetungen","8":"pa_contenances-30ml-de","9":"pa_gamme-rosilogie-de","10":"entry","12":"first","13":"instock","14":"product-type-simple"},"_links":{"self":[{"href":"https:\/\/lierac.ch\/de\/wp-json\/wp\/v2\/product\/2444","targetHints":{"allow":["GET"]}}],"collection":[{"href":"https:\/\/lierac.ch\/de\/wp-json\/wp\/v2\/product"}],"about":[{"href":"https:\/\/lierac.ch\/de\/wp-json\/wp\/v2\/types\/product"}],"version-history":[{"count":3,"href":"https:\/\/lierac.ch\/de\/wp-json\/wp\/v2\/product\/2444\/revisions"}],"predecessor-version":[{"id":2545,"href":"https:\/\/lierac.ch\/de\/wp-json\/wp\/v2\/product\/2444\/revisions\/2545"}],"wp:featuredmedia":[{"embeddable":true,"href":"https:\/\/lierac.ch\/de\/wp-json\/wp\/v2\/media\/1546"}],"wp:attachment":[{"href":"https:\/\/lierac.ch\/de\/wp-json\/wp\/v2\/media?parent=2444"}],"wp:term":[{"taxonomy":"product_brand","embeddable":true,"href":"https:\/\/lierac.ch\/de\/wp-json\/wp\/v2\/product_brand?post=2444"},{"taxonomy":"product_cat","embeddable":true,"href":"https:\/\/lierac.ch\/de\/wp-json\/wp\/v2\/product_cat?post=2444"},{"taxonomy":"product_tag","embeddable":true,"href":"https:\/\/lierac.ch\/de\/wp-json\/wp\/v2\/product_tag?post=2444"}],"curies":[{"name":"wp","href":"https:\/\/api.w.org\/{rel}","templated":true}]}}