{"id":2442,"date":"2021-11-09T16:34:56","date_gmt":"2021-11-30T09:24:44","guid":{"rendered":"https:\/\/lierac.ch\/produits\/sebologie-hauterneuerndes-doppelkonzentrat\/"},"modified":"2022-02-18T14:57:27","modified_gmt":"2022-02-18T13:57:27","slug":"sebologie-hauterneuerndes-doppelkonzentrat","status":"publish","type":"product","link":"https:\/\/lierac.ch\/de\/produkte\/sebologie-hauterneuerndes-doppelkonzentrat\/","title":{"rendered":"S\u00c9BOLOGIE HAUTERNEUERNDES DOPPELKONZENTRAT"},"content":{"rendered":"<p>Die LIERAC S\u00c9BOLOGIE Serum-Lotion ist eine Intensivbehandlung f\u00fcr Tag &amp; Nacht zur Korrektur von anhaltenden Unreinheiten.<\/p>\n<p>Das Serum-Fluid f\u00fcr den Tag mit sofortigem Mattierungseffekt hat eine sch\u00fctzende Wirkung und reguliert die Talgproduktion.<br \/>\nDas Serum-Gel f\u00fcr die Nacht mit sofortigem reinigendem Effekt verfeinert die Poren und verbessert die Hautstruktur.<\/p>\n","protected":false},"excerpt":{"rendered":"<p>Die LIERAC S\u00c9BOLOGIE Serum-Lotion ist eine Intensivbehandlung f\u00fcr Tag &amp; Nacht zur Korrektur von anhaltenden Unreinheiten. Das Serum-Fluid f\u00fcr den Tag mit sofortigem Mattierungseffekt hat eine sch\u00fctzende Wirkung und reguliert die Talgproduktion. Das Serum-Gel f\u00fcr die Nacht mit sofortigem reinigendem Effekt verfeinert die Poren und verbessert die Hautstruktur.<\/p>\n","protected":false},"featured_media":1573,"template":"","meta":{"wds_primary_product_brand":0,"wds_primary_product_cat":0},"product_brand":[],"product_cat":[300],"product_tag":[],"class_list":{"0":"post-2442","1":"product","2":"type-product","3":"status-publish","4":"has-post-thumbnail","6":"product_cat-gesicht","7":"pa_besoins-unreinheiten","8":"pa_contenances-30ml-de","9":"pa_gamme-sebologie-de","10":"entry","12":"first","13":"instock","14":"product-type-simple"},"_links":{"self":[{"href":"https:\/\/lierac.ch\/de\/wp-json\/wp\/v2\/product\/2442","targetHints":{"allow":["GET"]}}],"collection":[{"href":"https:\/\/lierac.ch\/de\/wp-json\/wp\/v2\/product"}],"about":[{"href":"https:\/\/lierac.ch\/de\/wp-json\/wp\/v2\/types\/product"}],"version-history":[{"count":2,"href":"https:\/\/lierac.ch\/de\/wp-json\/wp\/v2\/product\/2442\/revisions"}],"predecessor-version":[{"id":2543,"href":"https:\/\/lierac.ch\/de\/wp-json\/wp\/v2\/product\/2442\/revisions\/2543"}],"wp:featuredmedia":[{"embeddable":true,"href":"https:\/\/lierac.ch\/de\/wp-json\/wp\/v2\/media\/1573"}],"wp:attachment":[{"href":"https:\/\/lierac.ch\/de\/wp-json\/wp\/v2\/media?parent=2442"}],"wp:term":[{"taxonomy":"product_brand","embeddable":true,"href":"https:\/\/lierac.ch\/de\/wp-json\/wp\/v2\/product_brand?post=2442"},{"taxonomy":"product_cat","embeddable":true,"href":"https:\/\/lierac.ch\/de\/wp-json\/wp\/v2\/product_cat?post=2442"},{"taxonomy":"product_tag","embeddable":true,"href":"https:\/\/lierac.ch\/de\/wp-json\/wp\/v2\/product_tag?post=2442"}],"curies":[{"name":"wp","href":"https:\/\/api.w.org\/{rel}","templated":true}]}}