{"id":2436,"date":"2021-11-09T16:34:43","date_gmt":"2021-11-30T09:24:35","guid":{"rendered":"https:\/\/lierac.ch\/produits\/sebologie-keratolytische-loesung\/"},"modified":"2022-02-18T14:56:03","modified_gmt":"2022-02-18T13:56:03","slug":"sebologie-keratolytische-loesung","status":"publish","type":"product","link":"https:\/\/lierac.ch\/de\/produkte\/sebologie-keratolytische-loesung\/","title":{"rendered":"S\u00c9BOLOGIE KERATOLYTISCHE L\u00d6SUNG"},"content":{"rendered":"<p>Die LIERAC S\u00c9BOLOGIE keratolytische L\u00f6sung ist eine adstringierende und frische Lotion \u2013 ideal f\u00fcr die erwachsene, unreine Haut.<\/p>\n<p>Sie gl\u00e4ttet das Hautbild, kl\u00e4rt, l\u00f6st Verhornungen und verfeinert die Poren.<\/p>\n","protected":false},"excerpt":{"rendered":"<p>Die LIERAC S\u00c9BOLOGIE keratolytische L\u00f6sung ist eine adstringierende und frische Lotion \u2013 ideal f\u00fcr die erwachsene, unreine Haut. Sie gl\u00e4ttet das Hautbild, kl\u00e4rt, l\u00f6st Verhornungen und verfeinert die Poren.<\/p>\n","protected":false},"featured_media":1594,"template":"","meta":{"wds_primary_product_brand":0,"wds_primary_product_cat":0},"product_brand":[],"product_cat":[300],"product_tag":[],"class_list":{"0":"post-2436","1":"product","2":"type-product","3":"status-publish","4":"has-post-thumbnail","6":"product_cat-gesicht","7":"pa_besoins-unreinheiten","8":"pa_contenances-100ml-de","9":"pa_gamme-sebologie-de","10":"entry","12":"first","13":"instock","14":"product-type-simple"},"_links":{"self":[{"href":"https:\/\/lierac.ch\/de\/wp-json\/wp\/v2\/product\/2436","targetHints":{"allow":["GET"]}}],"collection":[{"href":"https:\/\/lierac.ch\/de\/wp-json\/wp\/v2\/product"}],"about":[{"href":"https:\/\/lierac.ch\/de\/wp-json\/wp\/v2\/types\/product"}],"version-history":[{"count":2,"href":"https:\/\/lierac.ch\/de\/wp-json\/wp\/v2\/product\/2436\/revisions"}],"predecessor-version":[{"id":2540,"href":"https:\/\/lierac.ch\/de\/wp-json\/wp\/v2\/product\/2436\/revisions\/2540"}],"wp:featuredmedia":[{"embeddable":true,"href":"https:\/\/lierac.ch\/de\/wp-json\/wp\/v2\/media\/1594"}],"wp:attachment":[{"href":"https:\/\/lierac.ch\/de\/wp-json\/wp\/v2\/media?parent=2436"}],"wp:term":[{"taxonomy":"product_brand","embeddable":true,"href":"https:\/\/lierac.ch\/de\/wp-json\/wp\/v2\/product_brand?post=2436"},{"taxonomy":"product_cat","embeddable":true,"href":"https:\/\/lierac.ch\/de\/wp-json\/wp\/v2\/product_cat?post=2436"},{"taxonomy":"product_tag","embeddable":true,"href":"https:\/\/lierac.ch\/de\/wp-json\/wp\/v2\/product_tag?post=2436"}],"curies":[{"name":"wp","href":"https:\/\/api.w.org\/{rel}","templated":true}]}}