{"id":2422,"date":"2021-11-09T16:34:43","date_gmt":"2021-11-30T09:24:35","guid":{"rendered":"https:\/\/lierac.ch\/produits\/premium-ultimative-maske\/"},"modified":"2022-02-18T14:51:46","modified_gmt":"2022-02-18T13:51:46","slug":"premium-ultimative-maske","status":"publish","type":"product","link":"https:\/\/lierac.ch\/de\/produkte\/premium-ultimative-maske\/","title":{"rendered":"PREMIUM ULTIMATIVE MASKE"},"content":{"rendered":"<p>Die Maske polstert intensiv auf und bringt die Haut sofort zum Leuchten dank ihrer ausstrahlungsenth\u00fcllenden Weichzeichner-Mikropigmente.<\/p>\n<p>Die cremige und umh\u00fcllende Aktivtextur verleiht einen sofortigen &#8222;Neue-Haut&#8220;-Effekt mit einem samtigen Finish f\u00fcr sofort j\u00fcnger wirkende Haut.<\/p>\n<p>Die Haut strahlt Vitalit\u00e4t aus und scheint weniger m\u00fcde.<\/p>\n","protected":false},"excerpt":{"rendered":"<p>Die Maske polstert intensiv auf und bringt die Haut sofort zum Leuchten dank ihrer ausstrahlungsenth\u00fcllenden Weichzeichner-Mikropigmente. Die cremige und umh\u00fcllende Aktivtextur verleiht einen sofortigen &#8222;Neue-Haut&#8220;-Effekt mit einem samtigen Finish f\u00fcr sofort j\u00fcnger wirkende Haut. Die Haut strahlt Vitalit\u00e4t aus und scheint weniger m\u00fcde.<\/p>\n","protected":false},"featured_media":1584,"template":"","meta":{"wds_primary_product_brand":0,"wds_primary_product_cat":0},"product_brand":[],"product_cat":[300],"product_tag":[],"class_list":{"0":"post-2422","1":"product","2":"type-product","3":"status-publish","4":"has-post-thumbnail","6":"product_cat-gesicht","7":"pa_besoins-globale-anti-aging-pflege","8":"pa_contenances-75ml-de","9":"pa_gamme-premium-de","10":"entry","12":"first","13":"instock","14":"product-type-simple"},"_links":{"self":[{"href":"https:\/\/lierac.ch\/de\/wp-json\/wp\/v2\/product\/2422","targetHints":{"allow":["GET"]}}],"collection":[{"href":"https:\/\/lierac.ch\/de\/wp-json\/wp\/v2\/product"}],"about":[{"href":"https:\/\/lierac.ch\/de\/wp-json\/wp\/v2\/types\/product"}],"version-history":[{"count":3,"href":"https:\/\/lierac.ch\/de\/wp-json\/wp\/v2\/product\/2422\/revisions"}],"predecessor-version":[{"id":2531,"href":"https:\/\/lierac.ch\/de\/wp-json\/wp\/v2\/product\/2422\/revisions\/2531"}],"wp:featuredmedia":[{"embeddable":true,"href":"https:\/\/lierac.ch\/de\/wp-json\/wp\/v2\/media\/1584"}],"wp:attachment":[{"href":"https:\/\/lierac.ch\/de\/wp-json\/wp\/v2\/media?parent=2422"}],"wp:term":[{"taxonomy":"product_brand","embeddable":true,"href":"https:\/\/lierac.ch\/de\/wp-json\/wp\/v2\/product_brand?post=2422"},{"taxonomy":"product_cat","embeddable":true,"href":"https:\/\/lierac.ch\/de\/wp-json\/wp\/v2\/product_cat?post=2422"},{"taxonomy":"product_tag","embeddable":true,"href":"https:\/\/lierac.ch\/de\/wp-json\/wp\/v2\/product_tag?post=2422"}],"curies":[{"name":"wp","href":"https:\/\/api.w.org\/{rel}","templated":true}]}}