{"id":2396,"date":"2021-11-09T16:34:31","date_gmt":"2021-11-30T09:24:26","guid":{"rendered":"https:\/\/lierac.ch\/produits\/supra-radiance-hauterneuernde-anti-ox-creme\/"},"modified":"2022-02-18T14:44:49","modified_gmt":"2022-02-18T13:44:49","slug":"supra-radiance-hauterneuernde-anti-ox-creme","status":"publish","type":"product","link":"https:\/\/lierac.ch\/de\/produkte\/supra-radiance-hauterneuernde-anti-ox-creme\/","title":{"rendered":"SUPRA RADIANCE HAUTERNEUERNDE ANTI-OX CREME"},"content":{"rendered":"<p>Die reichhaltige und geschmeidige Textur der LIERAC SUPRA RADIANCE HAUTERNEUERNDE ANTI-OX CREME versorgt die Haut nachhaltig mit Feuchtigkeit und verleiht ein angenehmes Hautgef\u00fchl.<\/p>\n<div><\/div>\n<p>Die zartschmelzende Creme mit sofort gl\u00e4ttender Wirkung und Soft-Focus-Puder, das aus Glimmer und aufpolsternden Kiesels\u00e4urek\u00fcgelchen besteht, mildert sofort das Erscheinungsbild von Falten und Unreinheiten.<\/p>\n","protected":false},"excerpt":{"rendered":"<p>Die reichhaltige und geschmeidige Textur der LIERAC SUPRA RADIANCE HAUTERNEUERNDE ANTI-OX CREME versorgt die Haut nachhaltig mit Feuchtigkeit und verleiht ein angenehmes Hautgef\u00fchl. Die zartschmelzende Creme mit sofort gl\u00e4ttender Wirkung und Soft-Focus-Puder, das aus Glimmer und aufpolsternden Kiesels\u00e4urek\u00fcgelchen besteht, mildert sofort das Erscheinungsbild von Falten und Unreinheiten.<\/p>\n","protected":false},"featured_media":1595,"template":"","meta":{"wds_primary_product_brand":0,"wds_primary_product_cat":0},"product_brand":[],"product_cat":[300],"product_tag":[],"class_list":{"0":"post-2396","1":"product","2":"type-product","3":"status-publish","4":"has-post-thumbnail","6":"product_cat-gesicht","7":"pa_besoins-anti-falten-detox","8":"pa_contenances-50ml-de","9":"pa_gamme-supra-radiance-de","10":"entry","12":"first","13":"instock","14":"product-type-simple"},"_links":{"self":[{"href":"https:\/\/lierac.ch\/de\/wp-json\/wp\/v2\/product\/2396","targetHints":{"allow":["GET"]}}],"collection":[{"href":"https:\/\/lierac.ch\/de\/wp-json\/wp\/v2\/product"}],"about":[{"href":"https:\/\/lierac.ch\/de\/wp-json\/wp\/v2\/types\/product"}],"version-history":[{"count":2,"href":"https:\/\/lierac.ch\/de\/wp-json\/wp\/v2\/product\/2396\/revisions"}],"predecessor-version":[{"id":2515,"href":"https:\/\/lierac.ch\/de\/wp-json\/wp\/v2\/product\/2396\/revisions\/2515"}],"wp:featuredmedia":[{"embeddable":true,"href":"https:\/\/lierac.ch\/de\/wp-json\/wp\/v2\/media\/1595"}],"wp:attachment":[{"href":"https:\/\/lierac.ch\/de\/wp-json\/wp\/v2\/media?parent=2396"}],"wp:term":[{"taxonomy":"product_brand","embeddable":true,"href":"https:\/\/lierac.ch\/de\/wp-json\/wp\/v2\/product_brand?post=2396"},{"taxonomy":"product_cat","embeddable":true,"href":"https:\/\/lierac.ch\/de\/wp-json\/wp\/v2\/product_cat?post=2396"},{"taxonomy":"product_tag","embeddable":true,"href":"https:\/\/lierac.ch\/de\/wp-json\/wp\/v2\/product_tag?post=2396"}],"curies":[{"name":"wp","href":"https:\/\/api.w.org\/{rel}","templated":true}]}}