{"id":2392,"date":"2021-11-09T16:34:31","date_gmt":"2021-11-30T09:24:26","guid":{"rendered":"https:\/\/lierac.ch\/produits\/supra-radiance-hauterneuernde-anti-ox-gel-creme\/"},"modified":"2022-02-18T14:42:28","modified_gmt":"2022-02-18T13:42:28","slug":"supra-radiance-hauterneuernde-anti-ox-gel-creme","status":"publish","type":"product","link":"https:\/\/lierac.ch\/de\/produkte\/supra-radiance-hauterneuernde-anti-ox-gel-creme\/","title":{"rendered":"SUPRA RADIANCE HAUTERNEUERNDE ANTI-OX GEL-CREME"},"content":{"rendered":"<header class=\"header-product-details\">\n<div class=\"product-description\">\n<p>Die frische und mattierende Gel-Creme hat eine sofort gl\u00e4ttende Wirkung und sorgt f\u00fcr einen weichzeichnenden Blur-Effekt.<\/p>\n<div><\/div>\n<div>Das enthaltene Soft-Focus-Puder, das aus Glimmer und aufpolsternden Kiesels\u00e4urek\u00fcgelchen besteht, mildert sofort das Erscheinungsbild von Falten sowie Unreinheiten.<\/div>\n<div><\/div>\n<div>Hautglanz wird verhindert und es bleibt ein nat\u00fcrliches Puder-Finish.<\/div>\n<\/div>\n<\/header>\n","protected":false},"excerpt":{"rendered":"<p>Die frische und mattierende Gel-Creme hat eine sofort gl\u00e4ttende Wirkung und sorgt f\u00fcr einen weichzeichnenden Blur-Effekt. Das enthaltene Soft-Focus-Puder, das aus Glimmer und aufpolsternden Kiesels\u00e4urek\u00fcgelchen besteht, mildert sofort das Erscheinungsbild von Falten sowie Unreinheiten. Hautglanz wird verhindert und es bleibt ein nat\u00fcrliches Puder-Finish.<\/p>\n","protected":false},"featured_media":1570,"template":"","meta":{"wds_primary_product_brand":0,"wds_primary_product_cat":0},"product_brand":[],"product_cat":[300],"product_tag":[],"class_list":{"0":"post-2392","1":"product","2":"type-product","3":"status-publish","4":"has-post-thumbnail","6":"product_cat-gesicht","7":"pa_besoins-anti-falten-detox","8":"pa_contenances-50ml-de","9":"pa_gamme-supra-radiance-de","10":"entry","12":"first","13":"instock","14":"product-type-simple"},"_links":{"self":[{"href":"https:\/\/lierac.ch\/de\/wp-json\/wp\/v2\/product\/2392","targetHints":{"allow":["GET"]}}],"collection":[{"href":"https:\/\/lierac.ch\/de\/wp-json\/wp\/v2\/product"}],"about":[{"href":"https:\/\/lierac.ch\/de\/wp-json\/wp\/v2\/types\/product"}],"version-history":[{"count":3,"href":"https:\/\/lierac.ch\/de\/wp-json\/wp\/v2\/product\/2392\/revisions"}],"predecessor-version":[{"id":8428,"href":"https:\/\/lierac.ch\/de\/wp-json\/wp\/v2\/product\/2392\/revisions\/8428"}],"wp:featuredmedia":[{"embeddable":true,"href":"https:\/\/lierac.ch\/de\/wp-json\/wp\/v2\/media\/1570"}],"wp:attachment":[{"href":"https:\/\/lierac.ch\/de\/wp-json\/wp\/v2\/media?parent=2392"}],"wp:term":[{"taxonomy":"product_brand","embeddable":true,"href":"https:\/\/lierac.ch\/de\/wp-json\/wp\/v2\/product_brand?post=2392"},{"taxonomy":"product_cat","embeddable":true,"href":"https:\/\/lierac.ch\/de\/wp-json\/wp\/v2\/product_cat?post=2392"},{"taxonomy":"product_tag","embeddable":true,"href":"https:\/\/lierac.ch\/de\/wp-json\/wp\/v2\/product_tag?post=2392"}],"curies":[{"name":"wp","href":"https:\/\/api.w.org\/{rel}","templated":true}]}}