{"id":18144,"date":"2022-07-06T16:32:20","date_gmt":"2022-07-06T14:34:25","guid":{"rendered":"https:\/\/lierac.ch\/?post_type=product&#038;p=18144"},"modified":"2022-07-06T16:34:27","modified_gmt":"2022-07-06T14:34:27","slug":"arkeskin-ausgleichende-creme-wechseljahre","status":"publish","type":"product","link":"https:\/\/lierac.ch\/de\/produkte\/arkeskin-ausgleichende-creme-wechseljahre\/","title":{"rendered":"Ark\u00e9skin Ausgleichende Creme Wechseljahre"},"content":{"rendered":"<p>Die LIERAC ARK\u00c9SKIN Ausgleichende Komfortcreme enth\u00e4lt ein Bio-Peptid, um die Regulierung des biologischen Tagesrhythmus und die Wiederherstellung der sch\u00fctzenden Aktivit\u00e4t der Hautzellen w\u00e4hrend des Tages zu stimulieren.<\/p>\n<p>&nbsp;<\/p>\n<p>Regt den Zellstoffwechsel an, f\u00f6rdert die Eliminierung von freien Radikalen und \u00fcbt damit eine Anti-Age-Wirkung aus.<\/p>\n<p>&nbsp;<\/p>\n<p>Die Haut wirkt regeneriert, aufgepolstert und ebenm\u00e4\u00dfig, f\u00fcr ein angenehmes Hautgef\u00fchl.<\/p>\n","protected":false},"excerpt":{"rendered":"<p>Die LIERAC ARK\u00c9SKIN Ausgleichende Komfortcreme enth\u00e4lt ein Bio-Peptid, um die Regulierung des biologischen Tagesrhythmus und die Wiederherstellung der sch\u00fctzenden Aktivit\u00e4t der Hautzellen w\u00e4hrend des Tages zu stimulieren.<\/p>\n<p>&nbsp;<\/p>\n<p>Regt den Zellstoffwechsel an, f\u00f6rdert die Eliminierung von freien Radikalen und \u00fcbt damit eine Anti-Age-Wirkung aus.<\/p>\n<p>&nbsp;<\/p>\n<p>Die Haut wirkt regeneriert, aufgepolstert und ebenm\u00e4\u00dfig, f\u00fcr ein angenehmes Hautgef\u00fchl.<\/p>\n","protected":false},"featured_media":18137,"template":"","meta":{"wds_primary_product_brand":0,"wds_primary_product_cat":0},"product_brand":[],"product_cat":[300],"product_tag":[],"class_list":{"0":"post-18144","1":"product","2":"type-product","3":"status-publish","4":"has-post-thumbnail","6":"product_cat-gesicht","7":"entry","9":"first","10":"instock","11":"shipping-taxable","12":"product-type-simple"},"_links":{"self":[{"href":"https:\/\/lierac.ch\/de\/wp-json\/wp\/v2\/product\/18144","targetHints":{"allow":["GET"]}}],"collection":[{"href":"https:\/\/lierac.ch\/de\/wp-json\/wp\/v2\/product"}],"about":[{"href":"https:\/\/lierac.ch\/de\/wp-json\/wp\/v2\/types\/product"}],"version-history":[{"count":1,"href":"https:\/\/lierac.ch\/de\/wp-json\/wp\/v2\/product\/18144\/revisions"}],"predecessor-version":[{"id":18153,"href":"https:\/\/lierac.ch\/de\/wp-json\/wp\/v2\/product\/18144\/revisions\/18153"}],"wp:featuredmedia":[{"embeddable":true,"href":"https:\/\/lierac.ch\/de\/wp-json\/wp\/v2\/media\/18137"}],"wp:attachment":[{"href":"https:\/\/lierac.ch\/de\/wp-json\/wp\/v2\/media?parent=18144"}],"wp:term":[{"taxonomy":"product_brand","embeddable":true,"href":"https:\/\/lierac.ch\/de\/wp-json\/wp\/v2\/product_brand?post=18144"},{"taxonomy":"product_cat","embeddable":true,"href":"https:\/\/lierac.ch\/de\/wp-json\/wp\/v2\/product_cat?post=18144"},{"taxonomy":"product_tag","embeddable":true,"href":"https:\/\/lierac.ch\/de\/wp-json\/wp\/v2\/product_tag?post=18144"}],"curies":[{"name":"wp","href":"https:\/\/api.w.org\/{rel}","templated":true}]}}